{"id":19,"date":"2012-09-16T16:29:21","date_gmt":"2012-09-16T15:29:21","guid":{"rendered":"http:\/\/88.190.237.246\/taxisbayeux\/?page_id=19"},"modified":"2025-01-14T15:36:17","modified_gmt":"2025-01-14T14:36:17","slug":"tarifs","status":"publish","type":"page","link":"https:\/\/taxisbayeux.com\/?page_id=19","title":{"rendered":"Tarifs"},"content":{"rendered":"<p style=\"text-align: center;\">Bayeux Taxis respecte les tarifs fix\u00e9s par arret\u00e9 pr\u00e9fectoral tous les ans.<\/p>\n<p style=\"text-align: center;\">&#8211; Tarif de jour : du Lundi au Samedi de 7h \u00e0 19h<\/p>\n<p style=\"text-align: center;\">&#8211; Tarif de nuit : avant 7h ou apr\u00e8s 19h<\/p>\n<p style=\"text-align: center;\">&#8211; Dimanche et jours f\u00e9ri\u00e9s : surtaxe de 50% par rapport au tarif de jour<\/p>\n<p style=\"text-align: center;\">Ces tarifs sont valables pour un v\u00e9hicule pouvant transporter de 1 \u00e0 8 personnes.<\/p>\n<p style=\"text-align: center;\">Lors de nos circuits touristiques; le tarif maximum demand\u00e9 ne peut d\u00e9passer le tarif indiqu\u00e9 sur le taxim\u00e8tre.<\/p>\n<p><a href=\"http:\/\/taxisbayeux.com\/wp-content\/uploads\/2012\/09\/top.png\"><img loading=\"lazy\" decoding=\"async\" class=\"aligncenter size-full wp-image-43\" title=\"top\" src=\"http:\/\/taxisbayeux.com\/wp-content\/uploads\/2012\/09\/top.png\" alt=\"\" width=\"500\" height=\"400\" srcset=\"https:\/\/taxisbayeux.com\/wp-content\/uploads\/2012\/09\/top.png 500w, https:\/\/taxisbayeux.com\/wp-content\/uploads\/2012\/09\/top-300x240.png 300w\" sizes=\"auto, (max-width: 500px) 100vw, 500px\" \/><\/a><\/p>\n","protected":false},"excerpt":{"rendered":"<p>Bayeux Taxis respecte les tarifs fix\u00e9s par arret\u00e9 pr\u00e9fectoral tous les ans. &#8211; Tarif de jour : du Lundi au Samedi de 7h \u00e0 19h &#8211; Tarif de nuit : avant 7h ou apr\u00e8s 19h &#8211; Dimanche et jours f\u00e9ri\u00e9s &hellip;<\/p>\n<p class=\"read-more\"> <a class=\"more-link\" href=\"https:\/\/taxisbayeux.com\/?page_id=19\"> <span class=\"screen-reader-text\">Tarifs<\/span> Read More &raquo;<\/a><\/p>\n","protected":false},"author":1,"featured_media":0,"parent":0,"menu_order":0,"comment_status":"closed","ping_status":"closed","template":"full-width-page.php","meta":{"footnotes":""},"class_list":["post-19","page","type-page","status-publish","hentry"],"_links":{"self":[{"href":"https:\/\/taxisbayeux.com\/index.php?rest_route=\/wp\/v2\/pages\/19","targetHints":{"allow":["GET"]}}],"collection":[{"href":"https:\/\/taxisbayeux.com\/index.php?rest_route=\/wp\/v2\/pages"}],"about":[{"href":"https:\/\/taxisbayeux.com\/index.php?rest_route=\/wp\/v2\/types\/page"}],"author":[{"embeddable":true,"href":"https:\/\/taxisbayeux.com\/index.php?rest_route=\/wp\/v2\/users\/1"}],"replies":[{"embeddable":true,"href":"https:\/\/taxisbayeux.com\/index.php?rest_route=%2Fwp%2Fv2%2Fcomments&post=19"}],"version-history":[{"count":7,"href":"https:\/\/taxisbayeux.com\/index.php?rest_route=\/wp\/v2\/pages\/19\/revisions"}],"predecessor-version":[{"id":225,"href":"https:\/\/taxisbayeux.com\/index.php?rest_route=\/wp\/v2\/pages\/19\/revisions\/225"}],"wp:attachment":[{"href":"https:\/\/taxisbayeux.com\/index.php?rest_route=%2Fwp%2Fv2%2Fmedia&parent=19"}],"curies":[{"name":"wp","href":"https:\/\/api.w.org\/{rel}","templated":true}]}}