{"id":13,"date":"2012-09-16T16:27:29","date_gmt":"2012-09-16T15:27:29","guid":{"rendered":"http:\/\/88.190.237.246\/taxisbayeux\/?page_id=13"},"modified":"2025-02-27T11:41:23","modified_gmt":"2025-02-27T10:41:23","slug":"circuits-touristiques","status":"publish","type":"page","link":"https:\/\/taxisbayeux.com\/?page_id=13","title":{"rendered":"Circuits Touristiques"},"content":{"rendered":"<p>Les nouveaux tarifs sont arriv\u00e9s !<\/p>\n<p>Voici quelques exemples de circuits et de trajets que nous vous proposons :<\/p>\n<p>(Voir brochures ci dessous)<\/p>\n<p>Nous vous proposons \u00e9galement d&rsquo;organiser vos transferts vers les Gares de Bayeux, Caen, ainsi qu&rsquo;aux Ferry de Ouistreham et de Cherbourg. Nous assurons \u00e9galement les transferts vers les a\u00e9roports Parisiens de Orly et de Roissy Charles de Gaulle et \u00e9galement de Caen &#8211; Carpiquet.<\/p>\n<p><em><a href=\"http:\/\/taxisbayeux.com\/wp-content\/uploads\/2025\/02\/Flyer-ENG-PDF.pdf\">Version Anglaise<\/a>\u00a0(Cliquez pour t\u00e9l\u00e9charger la brochure au format PDF | Click to download this document in PDF format)<\/em><\/p>\n\n\n<p>English Version :<\/p>\n\n\n\n<figure class=\"wp-block-image size-large\"><a href=\"http:\/\/taxisbayeux.com\/wp-content\/uploads\/2025\/02\/Flyer-ANG.png\"><img loading=\"lazy\" decoding=\"async\" width=\"725\" height=\"1024\" src=\"http:\/\/taxisbayeux.com\/wp-content\/uploads\/2025\/02\/Flyer-ANG-725x1024.png\" alt=\"\" class=\"wp-image-245\" srcset=\"https:\/\/taxisbayeux.com\/wp-content\/uploads\/2025\/02\/Flyer-ANG-725x1024.png 725w, https:\/\/taxisbayeux.com\/wp-content\/uploads\/2025\/02\/Flyer-ANG-212x300.png 212w, https:\/\/taxisbayeux.com\/wp-content\/uploads\/2025\/02\/Flyer-ANG-768x1085.png 768w, https:\/\/taxisbayeux.com\/wp-content\/uploads\/2025\/02\/Flyer-ANG-100x141.png 100w, https:\/\/taxisbayeux.com\/wp-content\/uploads\/2025\/02\/Flyer-ANG-150x212.png 150w, https:\/\/taxisbayeux.com\/wp-content\/uploads\/2025\/02\/Flyer-ANG-200x283.png 200w, https:\/\/taxisbayeux.com\/wp-content\/uploads\/2025\/02\/Flyer-ANG-300x424.png 300w, https:\/\/taxisbayeux.com\/wp-content\/uploads\/2025\/02\/Flyer-ANG-450x636.png 450w, https:\/\/taxisbayeux.com\/wp-content\/uploads\/2025\/02\/Flyer-ANG-600x848.png 600w, https:\/\/taxisbayeux.com\/wp-content\/uploads\/2025\/02\/Flyer-ANG-900x1272.png 900w, https:\/\/taxisbayeux.com\/wp-content\/uploads\/2025\/02\/Flyer-ANG.png 944w\" sizes=\"auto, (max-width: 725px) 100vw, 725px\" \/><\/a><\/figure>\n","protected":false},"excerpt":{"rendered":"<p>Les nouveaux tarifs sont arriv\u00e9s ! Voici quelques exemples de circuits et de trajets que nous vous proposons : (Voir brochures ci dessous) Nous vous proposons \u00e9galement d&rsquo;organiser vos transferts vers les Gares de Bayeux, Caen, ainsi qu&rsquo;aux Ferry de &hellip;<\/p>\n<p class=\"read-more\"> <a class=\"more-link\" href=\"https:\/\/taxisbayeux.com\/?page_id=13\"> <span class=\"screen-reader-text\">Circuits Touristiques<\/span> Read More &raquo;<\/a><\/p>\n","protected":false},"author":1,"featured_media":0,"parent":0,"menu_order":0,"comment_status":"closed","ping_status":"closed","template":"full-width-page.php","meta":{"footnotes":""},"class_list":["post-13","page","type-page","status-publish","hentry"],"_links":{"self":[{"href":"https:\/\/taxisbayeux.com\/index.php?rest_route=\/wp\/v2\/pages\/13","targetHints":{"allow":["GET"]}}],"collection":[{"href":"https:\/\/taxisbayeux.com\/index.php?rest_route=\/wp\/v2\/pages"}],"about":[{"href":"https:\/\/taxisbayeux.com\/index.php?rest_route=\/wp\/v2\/types\/page"}],"author":[{"embeddable":true,"href":"https:\/\/taxisbayeux.com\/index.php?rest_route=\/wp\/v2\/users\/1"}],"replies":[{"embeddable":true,"href":"https:\/\/taxisbayeux.com\/index.php?rest_route=%2Fwp%2Fv2%2Fcomments&post=13"}],"version-history":[{"count":61,"href":"https:\/\/taxisbayeux.com\/index.php?rest_route=\/wp\/v2\/pages\/13\/revisions"}],"predecessor-version":[{"id":248,"href":"https:\/\/taxisbayeux.com\/index.php?rest_route=\/wp\/v2\/pages\/13\/revisions\/248"}],"wp:attachment":[{"href":"https:\/\/taxisbayeux.com\/index.php?rest_route=%2Fwp%2Fv2%2Fmedia&parent=13"}],"curies":[{"name":"wp","href":"https:\/\/api.w.org\/{rel}","templated":true}]}}